{"id":147317,"date":"2026-04-07T04:28:27","date_gmt":"2026-04-07T04:28:27","guid":{"rendered":"https:\/\/loveluxury.hwt-staging.com\/uk\/?post_type=product&#038;p=147317"},"modified":"2026-04-07T04:28:43","modified_gmt":"2026-04-07T04:28:43","slug":"hermes-constance-18-rose-ete-terre-battu-evecolour-palladium-hardware","status":"publish","type":"product","link":"https:\/\/loveluxury.com\/uk\/shop\/hermes-constance-18-rose-ete-terre-battu-evecolour-palladium-hardware\/","title":{"rendered":"Herm\u00e8s Constance 18 Rose \u00c9t\u00e9 \/ Terre Battu Evecolour Palladium Hardware"},"content":{"rendered":"","protected":false},"excerpt":{"rendered":"<p>Herm\u00e8s Constance 18 Rose \u00c9t\u00e9 \/ Terre Battu Evercolour Palladium Hardware \/ Y STAMP 2020, Preloved<\/p>\n","protected":false},"featured_media":147318,"comment_status":"open","ping_status":"closed","template":"","meta":{"_acf_changed":false},"product_brand":[],"product_cat":[172,86,87,116],"product_tag":[],"class_list":{"0":"post-147317","1":"product","2":"type-product","3":"status-publish","4":"has-post-thumbnail","6":"product_cat-constance-18","7":"product_cat-handbags","8":"product_cat-hermes","9":"product_cat-hermes-constance-bags","10":"outofstock","12":"first","14":"shipping-taxable","15":"purchasable","16":"product-type-simple"},"acf":[],"aioseo_notices":[],"_links":{"self":[{"href":"https:\/\/loveluxury.com\/uk\/wp-json\/wp\/v2\/product\/147317","targetHints":{"allow":["GET"]}}],"collection":[{"href":"https:\/\/loveluxury.com\/uk\/wp-json\/wp\/v2\/product"}],"about":[{"href":"https:\/\/loveluxury.com\/uk\/wp-json\/wp\/v2\/types\/product"}],"replies":[{"embeddable":true,"href":"https:\/\/loveluxury.com\/uk\/wp-json\/wp\/v2\/comments?post=147317"}],"version-history":[{"count":1,"href":"https:\/\/loveluxury.com\/uk\/wp-json\/wp\/v2\/product\/147317\/revisions"}],"predecessor-version":[{"id":147331,"href":"https:\/\/loveluxury.com\/uk\/wp-json\/wp\/v2\/product\/147317\/revisions\/147331"}],"wp:featuredmedia":[{"embeddable":true,"href":"https:\/\/loveluxury.com\/uk\/wp-json\/wp\/v2\/media\/147318"}],"wp:attachment":[{"href":"https:\/\/loveluxury.com\/uk\/wp-json\/wp\/v2\/media?parent=147317"}],"wp:term":[{"taxonomy":"product_brand","embeddable":true,"href":"https:\/\/loveluxury.com\/uk\/wp-json\/wp\/v2\/product_brand?post=147317"},{"taxonomy":"product_cat","embeddable":true,"href":"https:\/\/loveluxury.com\/uk\/wp-json\/wp\/v2\/product_cat?post=147317"},{"taxonomy":"product_tag","embeddable":true,"href":"https:\/\/loveluxury.com\/uk\/wp-json\/wp\/v2\/product_tag?post=147317"}],"curies":[{"name":"wp","href":"https:\/\/api.w.org\/{rel}","templated":true}]}}